{"id":464,"date":"2017-04-06T10:00:31","date_gmt":"2017-04-06T10:00:31","guid":{"rendered":"http:\/\/hkinternational.biz\/?page_id=464"},"modified":"2017-05-13T13:00:16","modified_gmt":"2017-05-13T13:00:16","slug":"pharmaceutical-engineering","status":"publish","type":"page","link":"https:\/\/hkinternational.biz\/vi\/pharmaceutical-engineering\/","title":{"rendered":"L\u0129nh v\u1ef1c K\u1ef9 thu\u1eadt D\u01b0\u1ee3c ph\u1ea9m"},"content":{"rendered":"<p><div id=\"metaslider-id-524\" style=\"max-width: 800px; margin: 0 auto;\" class=\"ml-slider-3-99-0 metaslider metaslider-flex metaslider-524 ml-slider ms-theme-default\" role=\"region\" aria-label=\"pharma engineering\" data-width=\"800\">\n    <div id=\"metaslider_container_524\">\n        <div id=\"metaslider_524\">\n            <ul class='slides'>\n                <li style=\"display: block; width: 100%;\" class=\"slide-530 ms-image \" aria-roledescription=\"slide\" data-date=\"2017-04-08 09:13:41\"><img data-recalc-dims=\"1\" decoding=\"async\" data-src=\"https:\/\/i0.wp.com\/hkinternational.biz\/wp-content\/uploads\/2017\/04\/pharma-engineering-1.jpg?resize=750%2C443&#038;ssl=1\" height=\"443\" width=\"750\" alt=\"\" class=\"slider-524 slide-530 msDefaultImage lazyload\" src=\"data:image\/gif;base64,R0lGODlhAQABAAAAACH5BAEKAAEALAAAAAABAAEAAAICTAEAOw==\" style=\"--smush-placeholder-width: 750px; --smush-placeholder-aspect-ratio: 750\/443;\" \/><\/li>\n                <li style=\"display: none; width: 100%;\" class=\"slide-531 ms-image \" aria-roledescription=\"slide\" data-date=\"2017-04-08 09:13:41\"><img data-recalc-dims=\"1\" decoding=\"async\" data-src=\"https:\/\/i0.wp.com\/hkinternational.biz\/wp-content\/uploads\/2017\/04\/pharma-engineering-2.jpg?resize=750%2C443&#038;ssl=1\" height=\"443\" width=\"750\" alt=\"\" class=\"slider-524 slide-531 msDefaultImage lazyload\" src=\"data:image\/gif;base64,R0lGODlhAQABAAAAACH5BAEKAAEALAAAAAABAAEAAAICTAEAOw==\" style=\"--smush-placeholder-width: 750px; --smush-placeholder-aspect-ratio: 750\/443;\" \/><\/li>\n                <li style=\"display: none; width: 100%;\" class=\"slide-532 ms-image \" aria-roledescription=\"slide\" data-date=\"2017-04-08 09:13:41\"><img data-recalc-dims=\"1\" decoding=\"async\" data-src=\"https:\/\/i0.wp.com\/hkinternational.biz\/wp-content\/uploads\/2017\/04\/pharma-engineering-3.jpg?resize=750%2C443&#038;ssl=1\" height=\"443\" width=\"750\" alt=\"\" class=\"slider-524 slide-532 msDefaultImage lazyload\" src=\"data:image\/gif;base64,R0lGODlhAQABAAAAACH5BAEKAAEALAAAAAABAAEAAAICTAEAOw==\" style=\"--smush-placeholder-width: 750px; --smush-placeholder-aspect-ratio: 750\/443;\" \/><\/li>\n                <li style=\"display: none; width: 100%;\" class=\"slide-539 ms-image \" aria-roledescription=\"slide\" data-date=\"2017-04-08 09:22:56\"><img data-recalc-dims=\"1\" decoding=\"async\" data-src=\"https:\/\/i0.wp.com\/hkinternational.biz\/wp-content\/uploads\/2017\/04\/pharma-engineering-4.png?resize=750%2C443&#038;ssl=1\" height=\"443\" width=\"750\" alt=\"\" class=\"slider-524 slide-539 msDefaultImage lazyload\" src=\"data:image\/gif;base64,R0lGODlhAQABAAAAACH5BAEKAAEALAAAAAABAAEAAAICTAEAOw==\" style=\"--smush-placeholder-width: 750px; --smush-placeholder-aspect-ratio: 750\/443;\" \/><\/li>\n                <li style=\"display: none; width: 100%;\" class=\"slide-534 ms-image \" aria-roledescription=\"slide\" data-date=\"2017-04-08 09:13:41\"><img data-recalc-dims=\"1\" decoding=\"async\" data-src=\"https:\/\/i0.wp.com\/hkinternational.biz\/wp-content\/uploads\/2017\/04\/pharma-engineering-5.jpg?resize=750%2C443&#038;ssl=1\" height=\"443\" width=\"750\" alt=\"\" class=\"slider-524 slide-534 msDefaultImage lazyload\" src=\"data:image\/gif;base64,R0lGODlhAQABAAAAACH5BAEKAAEALAAAAAABAAEAAAICTAEAOw==\" style=\"--smush-placeholder-width: 750px; --smush-placeholder-aspect-ratio: 750\/443;\" \/><\/li>\n            <\/ul>\n        <\/div>\n        \n    <\/div>\n<\/div><\/p>\n<p>HK cung c\u1ea5p c\u00e1c d\u1ecbch v\u1ee5 \u0111a ng\u00e0nh nh\u1eb1m \u0111\u00e1p \u1ee9ng c\u00e1c y\u00eau c\u1ea7u c\u1ee7a kh\u00e1ch h\u00e0ng, t\u1eeb vi\u1ec7c l\u00ean c\u00e1c \u00fd t\u01b0\u1edfng thi\u1ebft k\u1ebf \u0111\u1ebfn v\u1eadn h\u00e0nh th\u1ef1c t\u1ebf. C\u00e1c thi\u1ebft k\u1ebf ti\u1ebft ki\u1ec7m chi ph\u00ed v\u00e0 n\u0103ng l\u01b0\u1ee3ng v\u1edbi cam k\u1ebft v\u1ec1 ch\u1ea5t l\u01b0\u1ee3ng v\u00e0 s\u1ef1 h\u00e0i l\u00f2ng c\u1ee7a kh\u00e1ch h\u00e0ng l\u00e0 \u0111\u1eb7c tr\u01b0ng trong d\u1ecbch v\u1ee5 c\u1ee7a ch\u00fang t\u00f4i.<\/p>\n<p>Ch\u00fang t\u00f4i cung c\u1ea5p c\u00e1c d\u1ecbch v\u1ee5 nh\u01b0 sau<\/p>\n<h4>V\u1ec1 Ki\u1ebfn tr\u00fac<\/h4>\n<ul>\n<li>Cung c\u1ea5p c\u00e1c b\u1ea3n v\u1ebd ki\u1ebfn tr\u00fac c\u1ee7a Nh\u00e0 m\u00e1y, b\u1ea3n v\u1ebd k\u1ef9 thu\u1eadt m\u1eb7t c\u1eaft v\u00e0 b\u1ea3n v\u1ebd chi ti\u1ebft c\u00e1c v\u00f9ng.<\/li>\n<li>Chu\u1ea9n b\u1ecb H\u1ed3 s\u01a1 Ph\u00f2ng, ho\u00e0n c\u00f4ng ph\u00f2ng v\u00e0, \u2026l\u1ef1a ch\u1ecdn v\u1eadt li\u1ec7u trong v\u00e0 ngo\u00e0i c\u1ee7a khu v\u1ef1c \u0111\u00f3ng g\u00f3i.<\/li>\n<li>T\u1ea1o c\u00e1c b\u1ea3n v\u1ebd ph\u1ed1i c\u1ea3nh.<\/li>\n<\/ul>\n<h4><strong>D\u00e2n d\u1ee5ng v\u00e0 K\u1ebft c\u1ea5u<\/strong><\/h4>\n<ul>\n<li>Cung c\u1ea5p c\u00e1c b\u1ea3n v\u1ebd thi\u1ebft k\u1ebf d\u00e2n d\u1ee5ng v\u00e0 k\u1ebft c\u1ea5u ho\u00e0n ch\u1ec9nh th\u1ec3 hi\u1ec7n s\u01a1 \u0111\u1ed3 b\u1ed1 tr\u00ed chung v\u00e0 m\u00f4 t\u1ea3 chi ti\u1ebft RCC, k\u1ebft c\u1ea5u th\u00e9p v\u00e0 c\u00e1c c\u00f4ng tr\u00ecnh li\u00ean quan.<\/li>\n<li>Cung c\u1ea5p b\u1ea3n v\u1ebd c\u01a1 s\u1edf c\u1ee7a m\u00e1y m\u00f3c thi\u1ebft b\u1ecb.<\/li>\n<li>Thi\u1ebft k\u1ebf h\u1ec7 th\u1ed1ng \u0111\u01b0\u1eddng d\u00e2y c\u00e1p, \u0111\u01b0\u1eddng \u1ed1ng d\u1eabn busbar, c\u1ea7u n\u1ed1i v\u00e0 c\u00e1c t\u1ea5m l\u00f3t.<\/li>\n<li>Cung c\u1ea5p Ti\u00eau chu\u1ea9n, BOQs v\u00e0 h\u1ed3 s\u01a1 th\u1ea7u chi ti\u1ebft cho c\u00e1c c\u00f4ng tr\u00ecnh x\u00e2y d\u1ef1ng d\u00e2n d\u1ee5ng.<\/li>\n<li>Ph\u00ea duy\u1ec7t b\u1ea3n v\u1ebd ch\u1ebf t\u1ea1o chi ti\u1ebft c\u1ee7a c\u00e1c b\u1ed9 ph\u1eadn k\u1ebft c\u1ea5u chu\u1ea9n b\u1ecb b\u1edfi nh\u00e0 th\u1ea7u sao \u0111\u1ec3 tu\u00e2n th\u1ee7 quy \u0111inh c\u01a1 b\u1ea3n v\u1ec1 \u0111\u1eb7t m\u00e3 v\u00e0 thi\u1ebft k\u1ebf.<\/li>\n<\/ul>\n<h4>H\u1ec7 th\u1ed1ng \u0111i\u1ec7n<\/h4>\n<ul>\n<li>Thi\u1ebft k\u1ebf k\u1ef9 thu\u1eadt v\u00e0 cung c\u1ea5p b\u1ea3n v\u1ebd d\u1ef1a tr\u00ean s\u01a1 \u0111\u1ed3 d\u00f2ng c\u01a1 b\u1ea3n.<\/li>\n<li>B\u1ed1 tr\u00ed h\u1ec7 th\u1ed1ng \u0111i\u1ec7n cho c\u00e1c b\u1ea3n v\u1ebd kh\u00e1c nhau.<\/li>\n<li>Cung c\u1ea5p chi ti\u1ebft to\u00e0n b\u1ed9 c\u00e1c ti\u00eau chu\u1ea9n y\u00eau c\u1ea7u v\u1ec1 \u0111i\u1ec7n n\u0103ng.<\/li>\n<li>Thi\u1ebft k\u1ebf v\u00e0 cung c\u1ea5p b\u1ea3n v\u1ebd chi ti\u1ebft v\u1ec1 h\u1ec7 th\u1ed1ng ph\u00e2n b\u1ed5 n\u0103ng l\u01b0\u1ee3ng, \u0111\u00e8n, ti\u1ebfp \u0111\u1ea5t\/nguy\u00ean l\u00fd th\u1eafp s\u00e1ng v\u00e0 ti\u1ebfp \u0111\u1ea5t c\u1ee7a h\u1ec7 th\u1ed1ng b\u1ea3o v\u1ec7, c\u1ea3nh b\u00e1o ch\u00e1y, \u0111\u1ecba ch\u1ec9 c\u00f4ng c\u1ed9ng, m\u1ea1ng l\u01b0\u1edbi m\u00e1y t\u00ednh, v.v.<\/li>\n<li>Cung c\u1ea5p BOQs v\u00e0 ti\u00eau chu\u1ea9n c\u1ee7a c\u00e1c thi\u1ebft b\u1ecb \u0111i\u1ec7n nh\u01b0 c\u00f4ng t\u1eafc, d\u00e2y \u0111i\u1ec7n, \u0111\u00e8n ch\u00f9m.<\/li>\n<li>Cung c\u1ea5p h\u1ed3 s\u01a1\/t\u00e0i li\u1ec7u m\u1eddi th\u1ea7u cho c\u00f4ng \u0111o\u1ea1n l\u1eafp \u0111\u1eb7t c\u00e1c thi\u1ebft b\u1ecb \u0111i\u1ec7n, v\u00e0 c\u00e1c ph\u01b0\u01a1ng \u00e1n l\u1eafp \u0111\u1eb7t, ki\u1ec3m tra &amp; th\u1eed nghi\u1ec7m.<\/li>\n<li>Ki\u1ec3m tra v\u00e0 ph\u00ea duy\u1ec7t b\u1ea3n v\u1ebd thi\u1ebft k\u1ebf c\u1ee7a nh\u00e0 th\u1ea7u \/ nh\u00e0 th\u1ea7u ph\u1ee5 v\u00e0 ch\u1ee9ng nh\u1eadn c\u1ee7a nh\u00e0 cung c\u1ea5p, c\u00e1c gi\u1ea5y c\u00f4ng nh\u1eadn\/ch\u1ee9ng nh\u1eadn c\u00f4ng vi\u1ec7c v\u00e0 h\u00f3a \u0111\u01a1n ch\u1ee9ng t\u1eeb.<\/li>\n<\/ul>\n<h4>C\u01a1 kh\u00ed v\u00e0 h\u1ec7 th\u1ed1ng \u0111\u01b0\u1eddng \u1ed1ng<\/h4>\n<ul>\n<li>S\u01a1 \u0111\u1ed3 \u0111\u01b0\u1eddng \u0111i c\u1ee7a h\u1ec7 th\u1ed1ng ti\u1ec7n \u00edch d\u1ef1a tr\u00ean y\u00eau c\u1ea7u c\u1ee7a ng\u01b0\u1eddi s\u1eed d\u1ee5ng.<\/li>\n<li>H\u1ed3 s\u01a1 t\u00e0i li\u1ec7u \u0111\u1ea5u th\u1ea7u c\u01a1 kh\u00ed v\u00e0 \u0111\u01b0\u1eddng \u1ed1ng \u0111\u00e1p \u1ee9ng y\u00eau c\u1ea7u\/ti\u00eau chu\u1ea9n c\u1ee5 th\u1ec3.<\/li>\n<li>BOQ v\u00e0 c\u00e1c khuy\u1ebfn ngh\u1ecb c\u1ee7a nh\u00e0 th\u1ea7u \u0111\u1ed1i v\u1edbi c\u00f4ng vi\u1ec7c l\u1eafp \u0111\u1eb7t.<\/li>\n<li>Ph\u00ea duy\u1ec7t b\u1ea3n v\u1ebd c\u1ee7a nh\u00e0 th\u1ea7u v\u00e0 nh\u00e0 cung c\u1ea5p, ph\u00ea duy\u1ec7t gi\u1ea5y ch\u1ee9ng nh\u1eadn c\u00f4ng vi\u1ec7c v\u00e0 h\u00f3a \u0111\u01a1n.<\/li>\n<\/ul>\n<h4>H\u1ec7 th\u1ed1ng HVAC<\/h4>\n<ul>\n<li>Thi\u1ebft l\u1eadp h\u1ec7 th\u1ed1ng \u0111i\u1ec1u h\u00f2a kh\u00f4ng kh\u00ed d\u1ef1a tr\u00ean y\u00eau c\u1ea7u c\u1ee7a t\u1eebng ph\u00e2n x\u01b0\u1edfng s\u1ea3n xu\u1ea5t v\u00e0 t\u1eebng nh\u00e0 m\u00e1y.<\/li>\n<li>Ph\u00e2n c\u1ea5p khu v\u1ef1c.<\/li>\n<li>Ph\u00f2ng s\u1ea1ch.<\/li>\n<li>Ki\u1ec3m so\u00e1t nhi\u1ec5m ch\u00e9o.<\/li>\n<li>Thi\u1ebft k\u1ebf v\u00e0 cung c\u1ea5p c\u00e1c ti\u00eau chu\u1ea9n chi ti\u1ebft, b\u1ea3n v\u1ebd m\u1eddi th\u1ea7u cho t\u1ea5t c\u1ea3 c\u00e1c h\u1ea1ng m\u1ee5c y\u00eau c\u1ea7u li\u00ean quan t\u1edbi HVAC.<\/li>\n<li>Ti\u00eau chu\u1ea9n chi ti\u1ebft, BOQs v\u00e0 Ti\u00eau chu\u1ea9n m\u1eddi th\u1ea7u.<\/li>\n<li>M\u1eddi th\u1ea7u v\u00e0 \u0111\u1ec1 xu\u1ea5t nh\u00e0 th\u1ea7u \u0111\u1ee7 ti\u00eau chu\u1ea9n.<\/li>\n<li>Ki\u1ec3m tra, ph\u00ea duy\u1ec7t b\u1ea3n v\u1ebd v\u00e0 t\u00e0i li\u1ec7u c\u1ee7a nh\u00e0 cung c\u1ea5p.<\/li>\n<\/ul>\n<h4>H\u1ec7 th\u1ed1ng ti\u1ec7n \u00edch<\/h4>\n<ul>\n<li>C\u00e1c B\u1ea3n v\u1ebd thi\u1ebft k\u1ebf v\u00e0 ti\u00eau chu\u1ea9n.<\/li>\n<li>H\u1ec7 th\u1ed1ng h\u01a1i th\u01b0\u01a1ng m\u1ea1i v\u00e0 h\u01a1i tinh khi\u1ebft.<\/li>\n<li>Purified Water System.<\/li>\n<li>H\u1ec7 th\u1ed1ng n\u01b0\u1edbc pha ti\u00eam.<\/li>\n<li>H\u1ec7 th\u1ed1ng h\u00fat ch\u00e2n kh\u00f4ng trung t\u00e2m, h\u1ec7 th\u1ed1ng h\u00fat b\u1ee5i.<\/li>\n<li>H\u1ec7 th\u1ed1ng kh\u00ed n\u00e9n.<\/li>\n<li>H\u1ec7 th\u1ed1ng kh\u00ed Ga.<\/li>\n<li>H\u1ec7 th\u1ed1ng CIP, SIP.<\/li>\n<li>Ki\u1ec3m tra v\u00e0 ph\u00ea duy\u1ec7t c\u00e1c b\u1ea3n v\u1ebd c\u00f4ng vi\u1ec7c c\u1ee7a nh\u00e0 cung c\u1ea5p\/nh\u00e0 th\u1ea7u.<\/li>\n<\/ul>\n<h4>H\u1ec7 th\u1ed1ng t\u1ef1 \u0111\u1ed9ng<\/h4>\n<ul>\n<li>Thi\u1ebft k\u1ebf h\u1ec7 th\u1ed1ng qu\u1ea3n l\u00fd BMS tu\u00e2n th\u1ee7 c\u00e1c quy \u0111\u1ecbnh m\u1edbi nh\u1ea5t v\u1ec1 vi\u1ec7c theo d\u00f5i, ghi ch\u00e9p v\u00e0 th\u1ea9m \u0111\u1ecbnh.<\/li>\n<\/ul>\n<p><\/p>","protected":false},"excerpt":{"rendered":"<p>HK cung c\u1ea5p c\u00e1c d\u1ecbch v\u1ee5 \u0111a ng\u00e0nh nh\u1eb1m \u0111\u00e1p \u1ee9ng c\u00e1c y\u00eau c\u1ea7u c\u1ee7a kh\u00e1ch h\u00e0ng, t\u1eeb vi\u1ec7c l\u00ean c\u00e1c \u00fd t\u01b0\u1edfng thi\u1ebft k\u1ebf \u0111\u1ebfn v\u1eadn h\u00e0nh th\u1ef1c t\u1ebf. C\u00e1c thi\u1ebft k\u1ebf ti\u1ebft ki\u1ec7m chi ph\u00ed v\u00e0 n\u0103ng l\u01b0\u1ee3ng<\/p>\n","protected":false},"author":1,"featured_media":0,"parent":0,"menu_order":0,"comment_status":"closed","ping_status":"closed","template":"","meta":{"jetpack_post_was_ever_published":false,"footnotes":""},"class_list":["post-464","page","type-page","status-publish","hentry"],"jetpack_sharing_enabled":true,"jetpack_shortlink":"https:\/\/wp.me\/P8vQwO-7u","_links":{"self":[{"href":"https:\/\/hkinternational.biz\/vi\/wp-json\/wp\/v2\/pages\/464","targetHints":{"allow":["GET"]}}],"collection":[{"href":"https:\/\/hkinternational.biz\/vi\/wp-json\/wp\/v2\/pages"}],"about":[{"href":"https:\/\/hkinternational.biz\/vi\/wp-json\/wp\/v2\/types\/page"}],"author":[{"embeddable":true,"href":"https:\/\/hkinternational.biz\/vi\/wp-json\/wp\/v2\/users\/1"}],"replies":[{"embeddable":true,"href":"https:\/\/hkinternational.biz\/vi\/wp-json\/wp\/v2\/comments?post=464"}],"version-history":[{"count":8,"href":"https:\/\/hkinternational.biz\/vi\/wp-json\/wp\/v2\/pages\/464\/revisions"}],"predecessor-version":[{"id":567,"href":"https:\/\/hkinternational.biz\/vi\/wp-json\/wp\/v2\/pages\/464\/revisions\/567"}],"wp:attachment":[{"href":"https:\/\/hkinternational.biz\/vi\/wp-json\/wp\/v2\/media?parent=464"}],"curies":[{"name":"wp","href":"https:\/\/api.w.org\/{rel}","templated":true}]}}