{"id":405,"date":"2017-03-21T16:45:44","date_gmt":"2017-03-21T16:45:44","guid":{"rendered":"http:\/\/hkinternational.biz\/?page_id=405"},"modified":"2017-06-06T15:33:01","modified_gmt":"2017-06-06T15:33:01","slug":"our-vision","status":"publish","type":"page","link":"https:\/\/hkinternational.biz\/vi\/our-vision\/","title":{"rendered":"T\u1ea7m nh\u00ecn chi\u1ebfn l\u01b0\u1ee3c"},"content":{"rendered":"<p>T\u1ea7m nh\u00ecn c\u1ee7a c\u00f4ng ty ch\u00fang t\u00f4i lu\u00f4n h\u01b0\u1edbng t\u1edbi vi\u1ec7c cung c\u1ea5p c\u00e1c d\u1ecbch v\u1ee5 tr\u00ean th\u1ecb tr\u01b0\u1eddng to\u00e0n c\u1ea7u thu\u1ed9c l\u0129nh v\u1ef1c trang b\u1ecb s\u1ea3n xu\u1ea5t D\u01b0\u1ee3c Ph\u1ea9m.<\/p>","protected":false},"excerpt":{"rendered":"<p>T\u1ea7m nh\u00ecn c\u1ee7a c\u00f4ng ty ch\u00fang t\u00f4i lu\u00f4n h\u01b0\u1edbng t\u1edbi vi\u1ec7c cung c\u1ea5p c\u00e1c d\u1ecbch v\u1ee5 tr\u00ean th\u1ecb tr\u01b0\u1eddng to\u00e0n c\u1ea7u thu\u1ed9c l\u0129nh v\u1ef1c trang b\u1ecb s\u1ea3n xu\u1ea5t D\u01b0\u1ee3c Ph\u1ea9m.<\/p>\n","protected":false},"author":1,"featured_media":402,"parent":0,"menu_order":0,"comment_status":"closed","ping_status":"closed","template":"","meta":{"jetpack_post_was_ever_published":false,"footnotes":""},"class_list":["post-405","page","type-page","status-publish","has-post-thumbnail","hentry"],"jetpack_sharing_enabled":true,"jetpack_shortlink":"https:\/\/wp.me\/P8vQwO-6x","_links":{"self":[{"href":"https:\/\/hkinternational.biz\/vi\/wp-json\/wp\/v2\/pages\/405","targetHints":{"allow":["GET"]}}],"collection":[{"href":"https:\/\/hkinternational.biz\/vi\/wp-json\/wp\/v2\/pages"}],"about":[{"href":"https:\/\/hkinternational.biz\/vi\/wp-json\/wp\/v2\/types\/page"}],"author":[{"embeddable":true,"href":"https:\/\/hkinternational.biz\/vi\/wp-json\/wp\/v2\/users\/1"}],"replies":[{"embeddable":true,"href":"https:\/\/hkinternational.biz\/vi\/wp-json\/wp\/v2\/comments?post=405"}],"version-history":[{"count":2,"href":"https:\/\/hkinternational.biz\/vi\/wp-json\/wp\/v2\/pages\/405\/revisions"}],"predecessor-version":[{"id":580,"href":"https:\/\/hkinternational.biz\/vi\/wp-json\/wp\/v2\/pages\/405\/revisions\/580"}],"wp:featuredmedia":[{"embeddable":true,"href":"https:\/\/hkinternational.biz\/vi\/wp-json\/wp\/v2\/media\/402"}],"wp:attachment":[{"href":"https:\/\/hkinternational.biz\/vi\/wp-json\/wp\/v2\/media?parent=405"}],"curies":[{"name":"wp","href":"https:\/\/api.w.org\/{rel}","templated":true}]}}