{"id":398,"date":"2017-03-21T16:42:10","date_gmt":"2017-03-21T16:42:10","guid":{"rendered":"http:\/\/hkinternational.biz\/?page_id=398"},"modified":"2017-06-06T15:32:17","modified_gmt":"2017-06-06T15:32:17","slug":"our-moto","status":"publish","type":"page","link":"https:\/\/hkinternational.biz\/vi\/our-moto\/","title":{"rendered":"Ph\u01b0\u01a1ng ch\u00e2m ho\u1ea1t \u0111\u1ed9ng"},"content":{"rendered":"<p>Ch\u00ednh s\u00e1ch ho\u1ea1t \u0111\u1ed9ng c\u1ee7a H&amp;amp;K l\u00e0 nh\u1eb1m \u0111\u1ea3m b\u1ea3o Kh\u00e1ch h\u00e0ng tr\u00ean to\u00e0n th\u1ebf gi\u1edbi s\u1ebd \u0111\u01b0\u1ee3c cung c\u1ea5p nh\u1eefng D\u01b0\u1ee3c ph\u1ea9m an to\u00e0n, hi\u1ec7u qu\u1ea3 v\u00e0 v\u1edbi ch\u1ea5t l\u01b0\u1ee3ng cao nh\u1ea5t.<\/p>","protected":false},"excerpt":{"rendered":"<p>Ch\u00ednh s\u00e1ch ho\u1ea1t \u0111\u1ed9ng c\u1ee7a H&amp;amp;K l\u00e0 nh\u1eb1m \u0111\u1ea3m b\u1ea3o Kh\u00e1ch h\u00e0ng tr\u00ean to\u00e0n th\u1ebf gi\u1edbi s\u1ebd \u0111\u01b0\u1ee3c cung c\u1ea5p nh\u1eefng D\u01b0\u1ee3c ph\u1ea9m an to\u00e0n, hi\u1ec7u qu\u1ea3 v\u00e0 v\u1edbi ch\u1ea5t l\u01b0\u1ee3ng cao nh\u1ea5t.<\/p>\n","protected":false},"author":1,"featured_media":400,"parent":0,"menu_order":0,"comment_status":"closed","ping_status":"closed","template":"","meta":{"jetpack_post_was_ever_published":false,"footnotes":""},"class_list":["post-398","page","type-page","status-publish","has-post-thumbnail","hentry"],"jetpack_sharing_enabled":true,"jetpack_shortlink":"https:\/\/wp.me\/P8vQwO-6q","_links":{"self":[{"href":"https:\/\/hkinternational.biz\/vi\/wp-json\/wp\/v2\/pages\/398","targetHints":{"allow":["GET"]}}],"collection":[{"href":"https:\/\/hkinternational.biz\/vi\/wp-json\/wp\/v2\/pages"}],"about":[{"href":"https:\/\/hkinternational.biz\/vi\/wp-json\/wp\/v2\/types\/page"}],"author":[{"embeddable":true,"href":"https:\/\/hkinternational.biz\/vi\/wp-json\/wp\/v2\/users\/1"}],"replies":[{"embeddable":true,"href":"https:\/\/hkinternational.biz\/vi\/wp-json\/wp\/v2\/comments?post=398"}],"version-history":[{"count":3,"href":"https:\/\/hkinternational.biz\/vi\/wp-json\/wp\/v2\/pages\/398\/revisions"}],"predecessor-version":[{"id":579,"href":"https:\/\/hkinternational.biz\/vi\/wp-json\/wp\/v2\/pages\/398\/revisions\/579"}],"wp:featuredmedia":[{"embeddable":true,"href":"https:\/\/hkinternational.biz\/vi\/wp-json\/wp\/v2\/media\/400"}],"wp:attachment":[{"href":"https:\/\/hkinternational.biz\/vi\/wp-json\/wp\/v2\/media?parent=398"}],"curies":[{"name":"wp","href":"https:\/\/api.w.org\/{rel}","templated":true}]}}