{"id":357,"date":"2017-03-21T16:11:31","date_gmt":"2017-03-21T16:11:31","guid":{"rendered":"http:\/\/hkinternational.biz\/?page_id=357"},"modified":"2017-06-06T15:34:00","modified_gmt":"2017-06-06T15:34:00","slug":"sourcing","status":"publish","type":"page","link":"https:\/\/hkinternational.biz\/vi\/sourcing\/","title":{"rendered":"Ngu\u1ed3n cung \u1ee9ng"},"content":{"rendered":"<p><\/p>\n<h4><div id=\"metaslider-id-544\" style=\"max-width: 800px; margin: 0 auto;\" class=\"ml-slider-3-99-0 metaslider metaslider-flex metaslider-544 ml-slider ms-theme-default\" role=\"region\" aria-label=\"sourcing\" data-width=\"800\">\n    <div id=\"metaslider_container_544\">\n        <div id=\"metaslider_544\">\n            <ul class='slides'>\n                <li style=\"display: block; width: 100%;\" class=\"slide-552 ms-image \" aria-roledescription=\"slide\" data-date=\"2017-04-12 14:33:09\"><img data-recalc-dims=\"1\" decoding=\"async\" data-src=\"https:\/\/i0.wp.com\/hkinternational.biz\/wp-content\/uploads\/2017\/04\/sourcing-1.gif?resize=750%2C443&#038;ssl=1\" height=\"443\" width=\"750\" alt=\"\" class=\"slider-544 slide-552 msDefaultImage lazyload\" src=\"data:image\/gif;base64,R0lGODlhAQABAAAAACH5BAEKAAEALAAAAAABAAEAAAICTAEAOw==\" style=\"--smush-placeholder-width: 750px; --smush-placeholder-aspect-ratio: 750\/443;\" \/><\/li>\n                <li style=\"display: none; width: 100%;\" class=\"slide-553 ms-image \" aria-roledescription=\"slide\" data-date=\"2017-04-12 14:33:09\"><img data-recalc-dims=\"1\" decoding=\"async\" data-src=\"https:\/\/i0.wp.com\/hkinternational.biz\/wp-content\/uploads\/2017\/04\/sourcing-2.jpg?resize=750%2C443&#038;ssl=1\" height=\"443\" width=\"750\" alt=\"\" class=\"slider-544 slide-553 msDefaultImage lazyload\" src=\"data:image\/gif;base64,R0lGODlhAQABAAAAACH5BAEKAAEALAAAAAABAAEAAAICTAEAOw==\" style=\"--smush-placeholder-width: 750px; --smush-placeholder-aspect-ratio: 750\/443;\" \/><\/li>\n                <li style=\"display: none; width: 100%;\" class=\"slide-554 ms-image \" aria-roledescription=\"slide\" data-date=\"2017-04-12 14:33:09\"><img data-recalc-dims=\"1\" decoding=\"async\" data-src=\"https:\/\/i0.wp.com\/hkinternational.biz\/wp-content\/uploads\/2017\/04\/sourcing-3.jpg?resize=750%2C443&#038;ssl=1\" height=\"443\" width=\"750\" alt=\"\" class=\"slider-544 slide-554 msDefaultImage lazyload\" src=\"data:image\/gif;base64,R0lGODlhAQABAAAAACH5BAEKAAEALAAAAAABAAEAAAICTAEAOw==\" style=\"--smush-placeholder-width: 750px; --smush-placeholder-aspect-ratio: 750\/443;\" \/><\/li>\n                <li style=\"display: none; width: 100%;\" class=\"slide-555 ms-image \" aria-roledescription=\"slide\" data-date=\"2017-04-12 14:33:09\"><img data-recalc-dims=\"1\" decoding=\"async\" data-src=\"https:\/\/i0.wp.com\/hkinternational.biz\/wp-content\/uploads\/2017\/04\/sourcing-4.jpg?resize=750%2C443&#038;ssl=1\" height=\"443\" width=\"750\" alt=\"\" class=\"slider-544 slide-555 msDefaultImage lazyload\" src=\"data:image\/gif;base64,R0lGODlhAQABAAAAACH5BAEKAAEALAAAAAABAAEAAAICTAEAOw==\" style=\"--smush-placeholder-width: 750px; --smush-placeholder-aspect-ratio: 750\/443;\" \/><\/li>\n                <li style=\"display: none; width: 100%;\" class=\"slide-556 ms-image \" aria-roledescription=\"slide\" data-date=\"2017-04-12 14:33:09\"><img data-recalc-dims=\"1\" decoding=\"async\" data-src=\"https:\/\/i0.wp.com\/hkinternational.biz\/wp-content\/uploads\/2017\/04\/sourcing-5.png?resize=750%2C443&#038;ssl=1\" height=\"443\" width=\"750\" alt=\"\" class=\"slider-544 slide-556 msDefaultImage lazyload\" src=\"data:image\/gif;base64,R0lGODlhAQABAAAAACH5BAEKAAEALAAAAAABAAEAAAICTAEAOw==\" style=\"--smush-placeholder-width: 750px; --smush-placeholder-aspect-ratio: 750\/443;\" \/><\/li>\n                <li style=\"display: none; width: 100%;\" class=\"slide-557 ms-image \" aria-roledescription=\"slide\" data-date=\"2017-04-12 14:33:09\"><img data-recalc-dims=\"1\" decoding=\"async\" data-src=\"https:\/\/i0.wp.com\/hkinternational.biz\/wp-content\/uploads\/2017\/04\/sourcing-6.jpg?resize=750%2C443&#038;ssl=1\" height=\"443\" width=\"750\" alt=\"\" class=\"slider-544 slide-557 msDefaultImage lazyload\" src=\"data:image\/gif;base64,R0lGODlhAQABAAAAACH5BAEKAAEALAAAAAABAAEAAAICTAEAOw==\" style=\"--smush-placeholder-width: 750px; --smush-placeholder-aspect-ratio: 750\/443;\" \/><\/li>\n            <\/ul>\n        <\/div>\n        \n    <\/div>\n<\/div><\/h4>\n<h4>Ho\u1ea1t ch\u1ea5t:<\/h4>\n<p>Ch\u00fang t\u00f4i cung c\u1ea5p ngu\u1ed3n cung \u1ee9ng c\u00e1c API c\u00f3 ch\u1ee9ng nh\u1eadn ch\u1ea5t l\u01b0\u1ee3ng kh\u00e1c nhau nh\u01b0 USP, EP.CEP vv cho c\u00e1c kh\u00e1ch h\u00e0ng c\u1ee7a ch\u00fang t\u00f4i t\u1eeb Trung Qu\u1ed1c v\u00e0 \u1ea4n \u0110\u1ed9. Ch\u00fang t\u00f4i cung c\u1ea5p m\u1ed9t d\u1ecbch v\u1ee5 ONE-STOP cho t\u1ea5t c\u1ea3 c\u00e1c th\u01b0\u01a1ng v\u1ee5 mua b\u00e1n t\u1eeb Trung Qu\u1ed1c ho\u1eb7c \u1ea4n \u0110\u1ed9, d\u00f9 l\u00e0 th\u00f4ng qua nh\u00e0 cung c\u1ea5p \u0111\u1ecba ph\u01b0\u01a1ng, nh\u00e0 s\u1ea3n xu\u1ea5t, nh\u00e0 ph\u00e2n ph\u1ed1i ho\u1eb7c mua tr\u1ef1c ti\u1ebfp t\u1eeb nh\u00e0 m\u00e1y. B\u1ea1n c\u0169ng c\u00f3 th\u1ec3 thu\u00ea ri\u00eang d\u1ecbch v\u1ee5 phi\u00ean d\u1ecbch, thanh tra, kho b\u00e3i, v\u1eadn chuy\u1ec3n. Ch\u00fang t\u00f4i k\u1ebft n\u1ed1i v\u1edbi m\u1ea1ng l\u01b0\u1edbi h\u01a1n 1000 nh\u00e0 m\u00e1y \u0111\u1ea1t ti\u00eau chu\u1ea9n bao qu\u00e1t h\u1ea7u h\u1ebft c\u00e1c lo\u1ea1i s\u1ea3n ph\u1ea9m. Ch\u00fang t\u00f4i c\u0169ng n\u1eafm b\u1eaft \u0111\u01b0\u1ee3c ngu\u1ed3n cung \u1ee9ng c\u00e1c lo\u1ea1i s\u1ea3n ph\u1ea9m kh\u00e1c nhau v\u1edbi gi\u00e1 r\u1ebb nh\u1ea5t \u1edf Trung Qu\u1ed1c v\u00e0 \u1ea4n \u0110\u1ed9. N\u1ebfu b\u1ea1n c\u00f3 b\u1ea5t k\u1ef3 s\u1ea3n ph\u1ea9m n\u00e0o c\u1ea7n t\u00ecm ngu\u1ed3n cung \u1ee9ng, \u0111\u1eebng ng\u1ea7n ng\u1ea1i li\u00ean h\u1ec7 v\u1edbi ch\u00fang t\u00f4i. Ch\u00fang t\u00f4i cung c\u1ea5p d\u1ecbch v\u1ee5 t\u01b0 v\u1ea5n nh\u00e0 cung \u1ee9ng mi\u1ec5n ph\u00ed. Ch\u00fang t\u00f4i ch\u1ec9 t\u00ednh ti\u1ec1n hoa h\u1ed3ng t\u1eeb c\u00e1c nh\u00e0 s\u1ea3n xu\u1ea5t sau khi kh\u00e1ch h\u00e0ng \u0111\u1ed3ng \u00fd v\u1edbi m\u1ee9c gi\u00e1 v\u00e0 x\u00e1c nh\u1eadn \u0111\u01a1n \u0111\u1eb7t h\u00e0ng.<\/p>\n<h4>M\u00e1y m\u00f3c thi\u1ebft b\u1ecb ng\u00e0nh d\u01b0\u1ee3c:<\/h4>\n<p>H &amp; K l\u00e0 m\u1ed9t trong nh\u1eefng nh\u00e0 cung c\u1ea5p d\u1ecbch v\u1ee5 t\u00ecm ngu\u1ed3n cung \u1ee9ng chi\u1ebfn l\u01b0\u1ee3c h\u00e0ng \u0111\u1ea7u trong khu v\u1ef1c. H\u00e0ng n\u0103m, ch\u00fang t\u00f4i gi\u00fap h\u00e0ng tr\u0103m t\u1ed5 ch\u1ee9c ti\u1ebft ki\u1ec7m chi ti\u00eau h\u00e0ng t\u1ef7 \u0111\u00f4 la. V\u1edbi \u0111\u1ed9i ng\u0169 nh\u00e2n vi\u00ean gi\u00e0u kinh nghi\u1ec7m \u1edf c\u00e1c l\u0129nh v\u1ef1c chuy\u00ean bi\u1ec7t, d\u1ecbch v\u1ee5 cung c\u1ea5p ngu\u1ed3n cung \u1ee9ng c\u1ee7a ch\u00fang t\u00f4i \u0111em \u0111\u1ebfn nh\u1eefng k\u1ebft qu\u1ea3 b\u1ec1n v\u1eefng- nhanh ch\u00f3ng \u2013 thi\u1ebft th\u1ef1c gi\u00fap kh\u00e1ch h\u00e0ng h\u1ea1 gi\u00e1 th\u00e0nh v\u00e0 t\u1ea1o ra l\u1ee3i th\u1ebf c\u1ea1nh tranh. Ch\u00fang t\u00f4i l\u00e0m vi\u1ec7c ch\u1eb7t ch\u1ebd v\u1edbi kh\u00e1ch h\u00e0ng \u0111\u1ec3 hi\u1ec3u nhu c\u1ea7u c\u1ee7a h\u1ecd, hi\u1ec7u su\u1ea5t v\u00e0 lo\u1ea1i thi\u1ebft b\u1ecb.H &amp; K c\u00f3 ngu\u1ed3n cung \u1ee9ng r\u1ea5t \u0111a d\u1ea1ng \u1edf \u1ea4n \u0110\u1ed9, Trung Qu\u1ed1c v\u00e0 ch\u00e2u \u00c2u cho c\u00e1c thi\u1ebft b\u1ecb d\u01b0\u1ee3c ph\u1ea9m kh\u00e1c nhau.<\/p>","protected":false},"excerpt":{"rendered":"<p>Ho\u1ea1t ch\u1ea5t: Ch\u00fang t\u00f4i cung c\u1ea5p ngu\u1ed3n cung \u1ee9ng c\u00e1c API c\u00f3 ch\u1ee9ng nh\u1eadn ch\u1ea5t l\u01b0\u1ee3ng kh\u00e1c nhau nh\u01b0 USP, EP.CEP vv cho c\u00e1c kh\u00e1ch h\u00e0ng c\u1ee7a ch\u00fang t\u00f4i t\u1eeb Trung Qu\u1ed1c v\u00e0 \u1ea4n \u0110\u1ed9. Ch\u00fang t\u00f4i cung c\u1ea5p m\u1ed9t<\/p>\n","protected":false},"author":1,"featured_media":0,"parent":0,"menu_order":0,"comment_status":"closed","ping_status":"closed","template":"","meta":{"jetpack_post_was_ever_published":false,"footnotes":""},"class_list":["post-357","page","type-page","status-publish","hentry"],"jetpack_sharing_enabled":true,"jetpack_shortlink":"https:\/\/wp.me\/P8vQwO-5L","_links":{"self":[{"href":"https:\/\/hkinternational.biz\/vi\/wp-json\/wp\/v2\/pages\/357","targetHints":{"allow":["GET"]}}],"collection":[{"href":"https:\/\/hkinternational.biz\/vi\/wp-json\/wp\/v2\/pages"}],"about":[{"href":"https:\/\/hkinternational.biz\/vi\/wp-json\/wp\/v2\/types\/page"}],"author":[{"embeddable":true,"href":"https:\/\/hkinternational.biz\/vi\/wp-json\/wp\/v2\/users\/1"}],"replies":[{"embeddable":true,"href":"https:\/\/hkinternational.biz\/vi\/wp-json\/wp\/v2\/comments?post=357"}],"version-history":[{"count":5,"href":"https:\/\/hkinternational.biz\/vi\/wp-json\/wp\/v2\/pages\/357\/revisions"}],"predecessor-version":[{"id":582,"href":"https:\/\/hkinternational.biz\/vi\/wp-json\/wp\/v2\/pages\/357\/revisions\/582"}],"wp:attachment":[{"href":"https:\/\/hkinternational.biz\/vi\/wp-json\/wp\/v2\/media?parent=357"}],"curies":[{"name":"wp","href":"https:\/\/api.w.org\/{rel}","templated":true}]}}