{"id":355,"date":"2017-03-21T16:11:19","date_gmt":"2017-03-21T16:11:19","guid":{"rendered":"http:\/\/hkinternational.biz\/?page_id=355"},"modified":"2023-05-29T07:55:26","modified_gmt":"2023-05-29T07:55:26","slug":"expert-team","status":"publish","type":"page","link":"https:\/\/hkinternational.biz\/vi\/expert-team\/","title":{"rendered":"\u0110\u1ed9i ng\u0169 chuy\u00ean gia"},"content":{"rendered":"<p><\/p>\n<h4>Tushar Kaskhedikar<\/h4>\n<p>Tushar Kaskhedikar l\u00e0 Gi\u00e1m \u0111\u1ed1c H&amp;K group, ch\u1ecbu tr\u00e1ch nhi\u1ec7m ki\u1ec3m so\u00e1t chung nh\u1eefng v\u1ea5n \u0111\u1ec1 li\u00ean quan \u0111\u1ebfn kh\u00e1ch h\u00e0ng, c\u0169ng nh\u01b0 \u0111\u1ec1 ra chi\u1ebfn l\u01b0\u1ee3c ph\u00e1t tri\u1ec3n c\u1ee7a c\u00f4ng ty. Nh\u1eefng v\u1ea5n \u0111\u1ec1 li\u00ean quan kh\u00e1ch h\u00e0ng c\u1ee7a \u00f4ng t\u1eadp trung v\u00e0o vi\u1ec7c cung c\u1ea5p chi\u1ebfn l\u01b0\u1ee3c v\u00e0 h\u1ed7 tr\u1ee3 ho\u1ea1t \u0111\u1ed9ng chuy\u00ean m\u00f4n trong c\u00e1c l\u0129nh v\u1ef1c nh\u01b0 GMP, Thi\u1ebft k\u1ebf d\u1ef1 \u00e1n D\u01b0\u1ee3c ph\u1ea9m, nghi\u00ean c\u1ee9u v\u00e0 ph\u00e1t tri\u1ec3n (R&amp;D), c\u00e1c v\u1ea5n \u0111\u1ec1 ph\u00e1p l\u00fd v\u00e0 \u0111\u1ea3m b\u1ea3o ch\u1ea5t l\u01b0\u1ee3ng. T\u1ea7m nh\u00ecn c\u1ee7a \u00f4ng l\u00e0 cung c\u1ea5p cho ng\u00e0nh c\u00f4ng nghi\u1ec7p nh\u1eefng gi\u1ea3i ph\u00e1p th\u1ef1c ti\u1ec5n, hi\u1ec7u qu\u1ea3 cho c\u00e1c th\u00e1ch th\u1ee9c v\u1ec1 ph\u00e1p l\u00fd v\u00e0 tr\u1edf th\u00e0nh m\u1ed9t nh\u00e0 t\u01b0 v\u1ea5n GMP PICs \/ EU h\u00e0ng \u0111\u1ea7u.<\/p>\n<p>\u00d4ng Tushar c\u00f3 b\u1eb1ng Th\u1ea1c s\u1ef9 ng\u00e0nh D\u01b0\u1ee3c c\u00f9ng nhi\u1ec1u nghi\u1ec7m trong c\u00e1c nh\u00e0 m\u00e1y D\u01b0\u1ee3c ph\u1ea9m kh\u00e1c nhau. Trong kho\u1ea3ng th\u1eddi gian \u0111\u00f3, \u00f4ng \u0111\u00e3 t\u1eebng l\u00e0m vi\u1ec7c trong ng\u00e0nh c\u00f4ng nghi\u1ec7p D\u01b0\u1ee3c ph\u1ea9m \u0111a qu\u1ed1c gia c\u1ee7a \u1ea4n \u0110\u1ed9 trong h\u01a1n m\u1ed9t th\u1eadp k\u1ef7, t\u1eebng l\u00e0m vi\u1ec7c cho t\u1eadp \u0111o\u00e0n \u0111a qu\u1ed1c gia Stada c\u1ee7a \u0110\u1ee9c trong h\u01a1n 10 n\u0103m v\u00e0 cu\u1ed1i c\u00f9ng th\u00e0nh l\u1eadp m\u1ed9t c\u00f4ng ty c\u00f3 uy t\u00edn t\u1ea1i Vi\u1ec7t Nam. C\u0169ng trong th\u1eddi gian n\u00e0y, \u00f4ng \u0111\u00e3 tham gia v\u00e0o vi\u1ec7c thi\u1ebft k\u1ebf c\u00e1c d\u1ef1 \u00e1n \u0111\u00e1p \u1ee9ng ti\u00eau chu\u1ea9n GMP\/EU GMP trong v\u00e0 ngo\u00e0i khu v\u1ef1c \u0110\u00f4ng Nam \u00c1. \u00d4ng c\u00f3 nh\u1eefng k\u1ef9 n\u0103ng xu\u1ea5t s\u1eafc v\u1ec1 chuy\u00ean m\u00f4n trong ng\u00e0nh D\u01b0\u1ee3c ph\u1ea9m, \u0111\u1ea3m b\u1ea3o tu\u00e2n th\u1ee7 cGMP , th\u00e0nh l\u1eadp c\u00e1c nh\u00e0 m\u00e1y m\u1edbi c\u0169ng nh\u01b0 n\u00e2ng c\u1ea5p c\u00e1c c\u01a1 s\u1edf c\u0169 \u0111\u1ec3 \u0111\u00e1p \u1ee9ng ti\u00eau chu\u1ea9n GMP PICs \/ EU. \u00d4ng c\u00f3 nhi\u1ec1u kinh nghi\u1ec7m x\u1eed l\u00fd\/gi\u1ea3i quy\u1ebft\/ ti\u1ebfp \u0111\u00f3n v\u1edbi c\u00e1c \u0111\u1ee3t thanh tra c\u1ee7a PIC \/ EU GMP \/ US FDA.<\/p>\n<h4>Dinkar P Chaudhari<\/h4>\n<p>Dinkar P Chaudhari l\u00e0 Ph\u00f3 Gi\u00e1m \u0111\u1ed1c c\u1ee7a H &amp; K group. \u00d4ng l\u00e0 k\u1ef9 s\u01b0 c\u01a1 kh\u00ed v\u00e0 c\u00f3 b\u1ec1 d\u00e0y kinh nghi\u1ec7m h\u01a1n 22 n\u0103m trong ng\u00e0nh D\u01b0\u1ee3c ph\u1ea9m v\u00e0 ch\u0103m s\u00f3c s\u1ee9c kho\u1ebb v\u1ec1 v\u1ea5n \u0111\u1ec1 thi\u1ebft k\u1ebf k\u1ef9 thu\u1eadt, t\u00e0i li\u1ec7u, \u0111\u00e1nh gi\u00e1, th\u1ea9m \u0111\u1ecbnh, gi\u00e1m s\u00e1t n\u0103ng l\u01b0\u1ee3ng, thi\u1ebft k\u1ebf HVAC. Trong th\u1eddi gian l\u00e0m vi\u1ec7c c\u1ee7a m\u00ecnh, \u00f4ng \u0111\u00e3 cung c\u1ea5p nhi\u1ec1u lo\u1ea1i d\u1ecbch v\u1ee5 k\u1ef9 thu\u1eadt cho c\u00e1c c\u00f4ng ty d\u01b0\u1ee3c \u1edf \u1ea4n \u0110\u1ed9, Vi\u1ec7t Nam, Nam Phi, Tanzania, \u1ea2 r\u1eadp X\u00ea \u00fat, Trung Qu\u1ed1c vv \u00d4ng c\u00f3 kinh nghi\u1ec7m d\u00e0y d\u1eb7n v\u1ec1 x\u1eed l\u00fd c\u00e1c \u0111\u1ee3t thanh tra PICs \/ EU GMP \/ US FDA.<\/p>\n<h4>Krishnamurthy Balasubramanian<\/h4>\n<p>\u00d4ng K.Balu l\u00e0 th\u00e0nh vi\u00ean c\u1ee7a H&amp;K group v\u1edbi c\u01b0\u01a1ng v\u1ecb ph\u00f3 gi\u00e1m \u0111\u1ed1c-ph\u00e1t tri\u1ec3n kinh doanh v\u00e0 gi\u1ea3i quy\u1ebft c\u00e1c v\u1ea5n \u0111\u1ec1 ph\u00e1p l\u00fd\/ph\u00e1p ch\u1ebf. \u00d4ng c\u00f3 h\u01a1n 28 n\u0103m kinh nghi\u1ec7m trong ng\u00e0nh D\u01b0\u1ee3c ph\u1ea9m v\u00e0 trong th\u1ecb tr\u01b0\u1eddng \u0111\u0103ng k\u00fd thu\u1ed1c \u1edf Ch\u00e2u \u00c2u. Tr\u1ea3i qua 15 n\u0103m l\u00e0m vi\u1ec7c t\u1ea1i V\u01b0\u01a1ng qu\u1ed1c Anh v\u00e0 m\u1ed9t s\u1ed1 \u0111\u1ecba \u0111i\u1ec3m kh\u00e1c \u1edf Ch\u00e2u \u00c2u, \u00f4ng \u0111\u00e3 thu th\u1eadp h\u1ed3 s\u01a1 t\u1eeb m\u1ed9t c\u00f4ng ty ch\u00e2u \u00c2u v\u00e0 ph\u00e1t tri\u1ec3n h\u1ed3 s\u01a1 th\u00e0nh m\u1ed9t b\u1ed9 ho\u00e0n ch\u1ec9nh b\u1eb1ng c\u00e1ch h\u1ed7 tr\u1ee3 c\u00e1c d\u1eef li\u1ec7u th\u1ea9m \u0111\u1ecbnh, nghi\u00ean c\u1ee9u \u0111\u1ed9 \u1ed5n \u0111\u1ecbnh v\u00e0 c\u00e1c nghi\u00ean c\u1ee9u t\u01b0\u01a1ng \u0111\u01b0\u01a1ng sinh h\u1ecdc. \u00d4ng \u0111\u00e3 th\u00e0nh c\u00f4ng v\u1edbi h\u01a1n 200 gi\u1ea5y ph\u00e9p l\u01b0u h\u00e0nh cho c\u00e1c thu\u1ed1c generic \u1edf U.K v\u00e0 H\u00e0 Lan trong 5 n\u0103m qua. Ngo\u00e0i ra, \u00f4ng c\u0169ng th\u00f4ng th\u1ea1o c\u00e1c h\u01b0\u1edbng d\u1eabn\/guideline cGMP hi\u1ec7n h\u00e0nh, c\u00e1ch th\u1ef1c hi\u1ec7n, s\u1ea3n xu\u1ea5t theo h\u1ee3p \u0111\u1ed3ng v\u00e0 c\u00e1c ho\u1ea1t \u0111\u1ed9ng li\u00ean quan \u0111\u1ebfn c\u00e1c th\u1ecfa thu\u1eadn th\u01b0\u01a1ng m\u1ea1i v\u00e0 k\u1ef9 thu\u1eadt v\u1edbi c\u00e1c c\u00f4ng ty d\u01b0\u1ee3c ph\u1ea9m l\u1edbn c\u1ee7a Ch\u00e2u \u00c2u.<\/p>\n<p>K.Balu c\u00f3 kh\u1ea3 n\u0103ng \u0111\u01b0a ra v\u00e0 ph\u00e1t tri\u1ec3n c\u00e1c th\u1ecfa thu\u1eadn nh\u00e0 cung c\u1ea5p v\u00e0 th\u1ecfa thu\u1eadn k\u1ef9 thu\u1eadt ph\u00f9 h\u1ee3p v\u1edbi y\u00eau c\u1ea7u c\u1ee7a Ch\u00e2u \u00c2u. \u00d4ng \u0111\u00f3ng vai tr\u00f2 quan tr\u1ecdng trong vi\u1ec7c n\u1ed9p h\u1ed3 s\u01a1 CTD cho MHRA cho h\u01a1n 60 ph\u00e2n t\u1eed. \u00d4ng c\u00f3 nhi\u1ec1u kinh nghi\u1ec7m trong vi\u1ec7c tr\u1ea3 l\u1eddi c\u00e1c truy v\u1ea5n RFI v\u1ec1 c\u01a1 s\u1edf s\u1ea3n xu\u1ea5t cho \u0111\u1ebfn khi \u0111\u1ea1t \u0111\u01b0\u1ee3c gi\u1ea5y ph\u00e9p l\u01b0u h\u00e0nh. \u00d4ng c\u00f3 ki\u1ebfn th\u1ee9c s\u00e2u r\u1ed9ng v\u1ec1 vi\u1ec7c th\u1ef1c h\u00e0nh GMP hi\u1ec7n h\u00e0nh \u0111ang \u00e1p d\u1ee5ng t\u1ea1i Li\u00ean minh ch\u00e2u \u00c2u. \u00d4ng c\u00f3 ki\u1ebfn th\u1ee9c v\u1eefng ch\u1eafc trong vi\u1ec7c t\u01b0 v\u1ea5n\/\u0111\u01b0a ra chi\u1ebfn l\u01b0\u1ee3c v\u00e0 th\u1ef1c hi\u1ec7n t\u1ea5t c\u1ea3 c\u00e1c ch\u00ednh s\u00e1ch v\u00e0 th\u1ee7 t\u1ee5c \u0111\u1ea3m b\u1ea3o cung c\u1ea5p k\u1ecbp th\u1eddi t\u1ea5t c\u1ea3 c\u00e1c s\u1ea3n ph\u1ea9m th\u00f4ng qua vi\u1ec7c qu\u1ea3n l\u00fd chu\u1ed7i cung \u1ee9ng hi\u1ec7u qu\u1ea3, do vi\u1ec7c ph\u00e1t tri\u1ec3n SOP v\u1ec1 qu\u1ea3n l\u00fd chu\u1ed7i cung \u1ee9ng s\u1ea3n ph\u1ea9m \u0111\u00e1p \u1ee9ng nh\u1eefng y\u00eau c\u1ea7u trong h\u01b0\u1edbng d\u1eabn ICH.<\/p>\n<h4>Kiran Patel<\/h4>\n<p>\u00d4ng Kiran Patel l\u00e0 Ph\u00f3 gi\u00e1m \u0111\u1ed1c c\u1ee7a t\u1eadp \u0111o\u00e0n H&amp;K v\u00e0 l\u00e0 k\u1ef9 s\u01b0 ph\u1ea7n m\u1ec1m v\u1edbi h\u01a1n 22 n\u0103m kinh nghi\u1ec7m trong ng\u00e0nh d\u01b0\u1ee3c ph\u1ea9m. \u00d4ng c\u00f3 nhi\u1ec1u kinh nghi\u1ec7m v\u1ec1 h\u1ec7 th\u1ed1ng t\u1ef1 \u0111\u1ed9ng h\u00f3a (l\u1eadp tr\u00ecnh, thi\u1ebft k\u1ebf l\u1eafp \u0111\u1eb7t, ki\u1ec3m tra l\u1eafp \u0111\u1eb7t) v\u00e0 th\u1ea9m \u0111\u1ecbnh. \u00d4ng \u0111\u00e3 th\u1ef1c hi\u1ec7n v\u00f4 s\u1ed1 d\u1ef1 \u00e1n v\u1ec1 ph\u1ea7n m\u1ec1m \u1edf \u1ea4n \u0110\u1ed9, Anh v\u00e0 Vi\u1ec7t Nam. \u00d4ng c\u00f3 kinh nghi\u1ec7m trong vi\u1ec7c th\u1ea9m \u0111\u1ecbnh PLC v\u00e0 SCADA d\u1ef1a tr\u00ean h\u1ec7 th\u1ed1ng ki\u1ec3m so\u00e1t cho nhi\u1ec1u c\u00f4ng ty d\u01b0\u1ee3c ph\u1ea9m. \u00d4ng c\u0169ng c\u00f3 kinh nghi\u1ec7m d\u00e0y d\u1eb7n trong vi\u1ec7c ph\u00e1t tri\u1ec3n h\u1ec7 th\u1ed1ng ERP cho ng\u00e0nh c\u00f4ng nghi\u1ec7p d\u01b0\u1ee3c v\u00e0 th\u1ea9m \u0111\u1ecbnh h\u1ec7 th\u1ed1ng SAP.<\/p>\n<h4>\u0110inh Minh Ho\u00e0ng<\/h4>\n<p>\u00d4ng Ho\u00e0ng l\u00e0 k\u1ef9 s\u01b0 ng\u01b0\u1eddi Vi\u1ec7t Nam c\u00f3 h\u01a1n 5 n\u0103m kinh nghi\u1ec7m l\u00e0m k\u1ef9 s\u01b0 QA t\u1ea1i nh\u00e0 m\u00e1y thu\u1ed9c t\u1eadp \u0111o\u00e0n \u0110\u1ee9c STADA- \u0111\u01b0\u1ee3c ch\u1ee9ng nh\u1eadn EU GMP t\u1ea1i Vi\u1ec7t Nam. \u00d4ng \u0111\u00e3 c\u00f3 ki\u1ebfn th\u1ee9c v\u1eefng ch\u1eafc v\u1ec1 PICS \/ EU GMP v\u00e0 \u0111\u00e3 ti\u1ebfp \u0111\u00f3n nhi\u1ec1u \u0111\u1ee3t thanh tra t\u1eeb Ch\u00e2u \u00c2u, \u0110\u00e0i Loan, H\u00e0n Qu\u1ed1c v\u00e0 WHO Geneva. Hi\u1ec7n nay anh \u0111ang h\u1ee3p t\u00e1c v\u1edbi H&amp;K \u1edf Vi\u1ec7t Nam.<\/p>\n<h4>Nilesh Chaprot<\/h4>\n<p>\u00d4ng Nilesh \u0111\u00e3 c\u00f3 h\u01a1n 10 n\u0103m kinh nghi\u1ec7m trong l\u0129nh v\u1ef1c th\u1ea9m \u0111\u1ecbnh h\u1ec7 th\u1ed1ng HVAC ph\u00f2ng s\u1ea1ch. \u00d4ng \u0111\u00e3 ti\u1ebfp x\u00fac v\u1edbi c\u00e1c \u0111\u1ee3t thanh tra ch\u1ee9ng nh\u1eadn t\u1eeb c\u00e1c c\u01a1 quan qu\u1ea3n l\u00fd qu\u1ed1c t\u1ebf nh\u01b0 USFDA, EU-GMP, MHRA, TGA, MCC vv. \u00d4ng c\u00f3 ki\u1ebfn th\u1ee9c r\u1ea5t t\u1ed1t v\u1ec1 t\u1ea5t c\u1ea3 c\u00e1c Ti\u00eau chu\u1ea9n qu\u1ed1c t\u1ebf li\u00ean quan \u0111\u1ebfn ph\u00f2ng s\u1ea1ch. \u00d4ng c\u00f3 chuy\u00ean m\u00f4n v\u1ec1 th\u1ea9m \u0111\u1ecbnh h\u1ec7 th\u1ed1ng kh\u00ed n\u00e9n, Nit\u01a1, v\u00e0 H\u01a1i Tinh khi\u1ebft vv \u00d4ng \u0111\u00e3 th\u1ef1c hi\u1ec7n nhi\u1ec1u d\u1ef1 \u00e1n li\u00ean quan \u0111\u1ebfn th\u1ea9m \u0111\u1ecbnh HVAC v\u00e0 h\u1ec7 th\u1ed1ng kh\u00ed n\u00e9n t\u1ea1i \u1ea4n \u0110\u1ed9, Trung Qu\u1ed1c, Vi\u1ec7t Nam v\u00e0 Ch\u00e2u Phi.<\/p>\n<h4>Y .Satishkumar<\/h4>\n<p>\u00d4ng Satish l\u00e0 Nghi\u00ean c\u1ee9u sinh (H\u00f3a h\u1ecdc) c\u00f3 kho\u1ea3ng 14 n\u0103m kinh nghi\u1ec7m trong l\u0129nh v\u1ef1c ki\u1ec3m so\u00e1t\/qu\u1ea3n l\u00fd\/\u0111\u00e1nh gi\u00e1 ch\u1ea5t l\u01b0\u1ee3ng trong c\u00e1c c\u00f4ng ty s\u1ea3n xu\u1ea5t API \u0111a qu\u1ed1c gia nh\u01b0 Mylan Laboratories &amp; Aurobindo Pharma \u1edf \u1ea4n \u0110\u1ed9. \u00d4ng c\u00f3 kinh nghi\u1ec7m v\u1ec1 c\u00e1c \u0111\u1ee3t thanh tra theo lu\u1eadt \u0111\u1ecbnh nh\u01b0 WHO, USFDA, KFDA, EDQM , PMDA, TGA, AGES, ISO, EU GMP v\u00e0 m\u1ed9t s\u1ed1 c\u00f4ng ty d\u01b0\u1ee3c ph\u1ea9m \u0111a qu\u1ed1c gia l\u1edbn nh\u1ea5t tr\u00ean th\u1ebf gi\u1edbi.<\/p>\n<p>\u00d4ng c\u00f3 th\u1ec3 cung c\u1ea5p m\u1ed9t gi\u00e1m s\u00e1t t\u1ed5ng th\u1ec3 v\u00e0 h\u01b0\u1edbng d\u1eabn k\u1ef9 thu\u1eadt \u0111\u1ec3 th\u00e0nh l\u1eadp m\u1ed9t nh\u00e0 m\u00e1y s\u1ea3n xu\u1ea5t API. \u00d4ng c\u00f3 nhi\u1ec1u kinh nghi\u1ec7m trong ph\u00e2n t\u00edch, thi\u1ebft k\u1ebf, \u0111\u00e1nh gi\u00e1 r\u1ee7i ro, ki\u1ec3m tra v\u00e0 tri\u1ec3n khai t\u1ea5t c\u1ea3 c\u00e1c lo\u1ea1i API. \u00d4ng c\u00f3 th\u1ec3 duy tr\u00ec tr\u00e1ch nhi\u1ec7m t\u1edbi cu\u1ed1i c\u00f9ng \u0111\u1ec3 \u0111\u1ea3m b\u1ea3o r\u1eb1ng t\u1ea5t c\u1ea3 c\u00e1c s\u1ea3n ph\u1ea9m kh\u00f4ng c\u00f3 khi\u1ebfm khuy\u1ebft v\u00e0 tu\u00e2n th\u1ee7 c\u00e1c y\u00eau c\u1ea7u k\u1ef9 thu\u1eadt.<\/p>\n<p>\u00d4ng c\u00f3 th\u1ec3 cung c\u1ea5p c\u00e1c \u0111\u1ecbnh ngh\u0129a c\u1ea7n thi\u1ebft, ph\u00e1t tri\u1ec3n v\u00e0 tri\u1ec3n khai chi\u1ebfn l\u01b0\u1ee3c \u0111\u1ea3m b\u1ea3o ch\u1ea5t l\u01b0\u1ee3ng s\u1ea3n ph\u1ea9m d\u01b0\u1ee3c ph\u1ea9m, gi\u1ea3i quy\u1ebft t\u1ea5t c\u1ea3 c\u00e1c giai \u0111o\u1ea1n ph\u00e1t tri\u1ec3n s\u1ea3n ph\u1ea9m. \u00d4ng lu\u00f4n h\u01b0\u1edbng t\u1edbi vi\u1ec7c l\u00e0m h\u00e0i l\u00f2ng kh\u00e1ch h\u00e0ng c\u0169ng nh\u01b0 \u0111\u1ea1t \u0111\u01b0\u1ee3c \u0111\u1ed9 tin c\u1eady, ch\u1ea5t l\u01b0\u1ee3ng s\u1ea3n ph\u1ea9m v\u00e0 qu\u00e1 tr\u00ecnh t\u1ed1t nh\u1ea5t. \u00d4ng \u0111\u00e3 tham gia th\u00e0nh l\u1eadp m\u1ed9t nh\u00e0 m\u00e1y API m\u1edbi t\u1ea1i Trung Qu\u1ed1c.<\/p>\n<h4>Dr Ursula Koller<\/h4>\n<p>Ti\u1ebfn S\u0129 Ursula Koller l\u00e0 chuy\u00ean gia trong l\u0129nh v\u1ef1c \u0111\u00e1nh gi\u00e1 GMP c\u1ee7a C\u01a1 quan Qu\u1ea3n l\u00fd Y t\u1ebf D\u01b0\u1ee3c Ph\u1ea9m \u00c1o (Austrian AGES PharmMed) l\u00e0 Ph\u1ee5 tr\u00e1ch cao nh\u1ea5t v\u1ec1 m\u1ea3ng Quy t\u1eafc v\u00e0 Thanh tra theo \u1ee7y quy\u1ec1n t\u1eeb Ch\u00ednh Ph\u1ee7 \u00c1o. Ti\u1ebfn S\u0129 hi\u1ec7n \u0111ang ch\u1ec9 \u0111\u1ea1o v\u00e0 \u0111i\u1ec1u ph\u1ed1i r\u1ea5t nhi\u1ec1u \u0111\u1ee3t thanh tra GMP l\u1edbn \u1edf c\u1ea5p \u0111\u1ed9 Qu\u1ed1c Gia, trong c\u00e1c l\u0129nh v\u1ef1c nh\u01b0 s\u1ea3n xu\u1ea5t API v\u00e0 D\u01b0\u1ee3c Ph\u1ea9m th\u00e0nh ph\u1ea9m (FDF), l\u0129nh v\u1ef1c ph\u00e2n ph\u1ed1i, chu\u1ed7i cung \u1ee9ng v\u00e0 c\u00e1c ph\u00f2ng ki\u1ec3m nghi\u1ec7m Ch\u1ea5t l\u01b0\u1ee3ng. Th\u00eam v\u00e0o \u0111\u00f3 B\u00e0 c\u00f2n \u0111\u1ea3m nh\u1eadn tr\u00e1ch nhi\u1ec7m thanh tra v\u00e0 \u0111\u00e1nh gi\u00e1 c\u00e1c nh\u00e0 m\u00e1y s\u1ea3n xu\u1ea5t API v\u00e0 FDF \u1edf nhi\u1ec1u Qu\u1ed1c gia t\u1ea1i Ch\u00e2u \u00c1, Ch\u00e2u M\u1ef9 v\u00e0 c\u00e1c N\u01b0\u1edbc kh\u00f4ng thu\u1ed9c kh\u1ed1i EU.<\/p>\n<p>V\u1edbi chuy\u00ean m\u00f4n l\u00e0 Ti\u1ebfn S\u0129 ng\u00e0nh D\u01b0\u1ee3c \u0111\u01b0\u1ee3c \u0111\u00e0o t\u1ea1o t\u1ea1i \u0110\u1ea1i H\u1ecdc Vienna, \u00c1o, sau khi t\u1ed1t nghi\u1ec7p B\u00e0 \u0111\u00e3 l\u00e0m vi\u1ec7c t\u1ea1i r\u1ea5t nhi\u1ec1u nh\u1eefng t\u1eadp \u0111o\u00e0n D\u01b0\u1ee3c Ph\u1ea9m Danh ti\u1ebfng nh\u01b0 GlaxoSmithKline v\u00e0 Sandoz. B\u00e0 c\u00f2n l\u00e0 Gi\u00e1m \u0110\u1ed1c h\u1ec7 th\u1ed1ng Ch\u1ea5t L\u01b0\u1ee3ng v\u00e0 Thanh tra ch\u1ea5t l\u01b0\u1ee3ng EOQ.<\/p>\n<p>Ngo\u00e0i nh\u1eefng chuy\u00ean m\u00f4n v\u00e0 \u0111\u00e1nh gi\u00e1 GMP, B\u00e0 c\u00f2n c\u00f3 r\u1ea5t nhi\u1ec1u ki\u1ebfn th\u1ee9c trong c\u00e1c l\u0129nh v\u1ef1c Y T\u1ebf, \u0110\u1ea3m B\u1ea3o Ch\u1ea5t L\u01b0\u1ee3ng, ngu\u1ed3n cung chi\u1ebfn l\u01b0\u1ee3c c\u1ee7a Nguy\u00ean Li\u1ec7u, \u0111\u00e1nh gi\u00e1 nh\u00e0 cung c\u1ea5p v\u00e0 T\u01b0 v\u1ea5n v\u1ec1 MEP. Hi\u1ec7n b\u00e0 \u0111ang c\u1ed9ng t\u00e1c v\u1edbi t\u1eadp \u0111o\u00e0n H&amp;K v\u1edbi vai tr\u00f2 T\u01b0 v\u1ea5n<\/p>","protected":false},"excerpt":{"rendered":"<p>Tushar Kaskhedikar Tushar Kaskhedikar l\u00e0 Gi\u00e1m \u0111\u1ed1c H&amp;K group, ch\u1ecbu tr\u00e1ch nhi\u1ec7m ki\u1ec3m so\u00e1t chung nh\u1eefng v\u1ea5n \u0111\u1ec1 li\u00ean quan \u0111\u1ebfn kh\u00e1ch h\u00e0ng, c\u0169ng nh\u01b0 \u0111\u1ec1 ra chi\u1ebfn l\u01b0\u1ee3c ph\u00e1t tri\u1ec3n c\u1ee7a c\u00f4ng ty. Nh\u1eefng v\u1ea5n \u0111\u1ec1 li\u00ean quan kh\u00e1ch<\/p>\n","protected":false},"author":1,"featured_media":0,"parent":0,"menu_order":0,"comment_status":"closed","ping_status":"closed","template":"","meta":{"jetpack_post_was_ever_published":false,"footnotes":""},"class_list":["post-355","page","type-page","status-publish","hentry"],"jetpack_sharing_enabled":true,"jetpack_shortlink":"https:\/\/wp.me\/P8vQwO-5J","_links":{"self":[{"href":"https:\/\/hkinternational.biz\/vi\/wp-json\/wp\/v2\/pages\/355","targetHints":{"allow":["GET"]}}],"collection":[{"href":"https:\/\/hkinternational.biz\/vi\/wp-json\/wp\/v2\/pages"}],"about":[{"href":"https:\/\/hkinternational.biz\/vi\/wp-json\/wp\/v2\/types\/page"}],"author":[{"embeddable":true,"href":"https:\/\/hkinternational.biz\/vi\/wp-json\/wp\/v2\/users\/1"}],"replies":[{"embeddable":true,"href":"https:\/\/hkinternational.biz\/vi\/wp-json\/wp\/v2\/comments?post=355"}],"version-history":[{"count":21,"href":"https:\/\/hkinternational.biz\/vi\/wp-json\/wp\/v2\/pages\/355\/revisions"}],"predecessor-version":[{"id":886,"href":"https:\/\/hkinternational.biz\/vi\/wp-json\/wp\/v2\/pages\/355\/revisions\/886"}],"wp:attachment":[{"href":"https:\/\/hkinternational.biz\/vi\/wp-json\/wp\/v2\/media?parent=355"}],"curies":[{"name":"wp","href":"https:\/\/api.w.org\/{rel}","templated":true}]}}