{"id":347,"date":"2017-03-21T16:07:07","date_gmt":"2017-03-21T16:07:07","guid":{"rendered":"http:\/\/hkinternational.biz\/?page_id=347"},"modified":"2023-05-29T08:00:33","modified_gmt":"2023-05-29T08:00:33","slug":"contact-us","status":"publish","type":"page","link":"https:\/\/hkinternational.biz\/vi\/contact-us\/","title":{"rendered":"Li\u00ean h\u1ec7"},"content":{"rendered":"<p><\/p>\n\n\n\n<h3 class=\"wp-block-heading\">H&amp;K INTERNATIONAL PVT LIMITED<\/h3>\n\n\n\n<p>Flat\/Rm 1303 13\/F, Cheong Tai Commercial Building.<\/p>\n\n\n\n<p>No 287-289 Reclamation Street, Kowloon, Hong Kong<\/p>\n\n\n\n<h4 class=\"wp-block-heading\">Europe Office<\/h4>\n\n\n\n<ol class=\"wp-block-list\"><li>Stefanikova 7, 81106, Bratislava, Slovakia.<\/li><li>36 Ingleby Way, Wallington, Surrey SM6 9LR,&nbsp;England UK<\/li><\/ol>\n\n\n\n<h4 class=\"wp-block-heading\">H&amp;K PHARMA COMPANY., LTD<\/h4>\n\n\n\n<p>T\u00f2a nh\u00e0 t\u00e0i ch\u00ednh Bitexco &#8211; T\u1ea7ng 46, s\u1ed1 2 \u0111\u01b0\u1eddng H\u1ea3i Tri\u1ec1u, ph\u01b0\u1eddng B\u1ebfn Ngh\u00e9, TP. H\u1ed3 Ch\u00ed Minh, Vi\u1ec7t Nam<\/p>\n\n\n\n<p>Tel: +84 28 62 87 6058<\/p>\n\n\n\n<p>Fax: +84 28 62 87 6054<\/p>\n\n\n\n<h4 class=\"wp-block-heading\">H&amp;K Pharma (Myanmar) Limited<\/h4>\n\n\n\n<p>No 19,ward 13,Aung Bawga Road ,Hlaing Township,Yangon<\/p>\n\n\n\n<h4 class=\"wp-block-heading\">H&amp;K PHARMA USA LTD<\/h4>\n\n\n\n<p>1401 21ST STREET SUITE R<br>SACRAMENTO, CALIFORNIA 95811 ,USA<\/p>\n\n\n\n<h4 class=\"wp-block-heading\">Contact us via email<\/h4>\n\n\n\n<div class=\"wpforms-container wpforms-container-full\" id=\"wpforms-872\"><form id=\"wpforms-form-872\" class=\"wpforms-validate wpforms-form\" data-formid=\"872\" method=\"post\" enctype=\"multipart\/form-data\" action=\"\/vi\/wp-json\/wp\/v2\/pages\/347\" data-token=\"1467281e0cedd5dec284b7ab5398da25\" data-token-time=\"1776923671\"><noscript class=\"wpforms-error-noscript\">Vui l\u00f2ng b\u1eadt JavaScript trong tr\u00ecnh duy\u1ec7t c\u1ee7a b\u1ea1n \u0111\u1ec3 ho\u00e0n th\u00e0nh Form n\u00e0y.<\/noscript><div class=\"wpforms-field-container\"><div id=\"wpforms-872-field_0-container\" class=\"wpforms-field wpforms-field-name\" data-field-id=\"0\"><label class=\"wpforms-field-label\" for=\"wpforms-872-field_0\">Name <span class=\"wpforms-required-label\">*<\/span><\/label><input type=\"text\" id=\"wpforms-872-field_0\" class=\"wpforms-field-medium wpforms-field-required\" name=\"wpforms[fields][0]\" required><\/div><div id=\"wpforms-872-field_1-container\" class=\"wpforms-field wpforms-field-email\" data-field-id=\"1\"><label class=\"wpforms-field-label\" for=\"wpforms-872-field_1\">Email <span class=\"wpforms-required-label\">*<\/span><\/label><input type=\"email\" id=\"wpforms-872-field_1\" class=\"wpforms-field-medium wpforms-field-required\" name=\"wpforms[fields][1]\" spellcheck=\"false\" required><\/div><div id=\"wpforms-872-field_2-container\" class=\"wpforms-field wpforms-field-textarea\" data-field-id=\"2\"><label class=\"wpforms-field-label\" for=\"wpforms-872-field_2\">Comment or Message <span class=\"wpforms-required-label\">*<\/span><\/label><textarea id=\"wpforms-872-field_2\" class=\"wpforms-field-medium wpforms-field-required\" name=\"wpforms[fields][2]\" required><\/textarea><\/div><\/div><!-- .wpforms-field-container --><div class=\"wpforms-field wpforms-field-hp\"><label for=\"wpforms-872-field-hp\" class=\"wpforms-field-label\">Message<\/label><input type=\"text\" name=\"wpforms[hp]\" id=\"wpforms-872-field-hp\" class=\"wpforms-field-medium\"><\/div><div class=\"wpforms-submit-container\" ><input type=\"hidden\" name=\"wpforms[id]\" value=\"872\"><input type=\"hidden\" name=\"page_title\" value=\"\"><input type=\"hidden\" name=\"page_url\" value=\"https:\/\/hkinternational.biz\/vi\/wp-json\/wp\/v2\/pages\/347\"><input type=\"hidden\" name=\"url_referer\" value=\"\"><button type=\"submit\" name=\"wpforms[submit]\" id=\"wpforms-submit-872\" class=\"wpforms-submit\" data-alt-text=\"Sending...\" data-submit-text=\"Submit\" aria-live=\"assertive\" value=\"wpforms-submit\">Submit<\/button><\/div><\/form><\/div>  <!-- .wpforms-container -->\n\n\n\n<p><\/p>","protected":false},"excerpt":{"rendered":"<p>H&amp;K INTERNATIONAL PVT LIMITED Flat\/Rm 1303 13\/F, Cheong Tai Commercial Building. No 287-289 Reclamation Street, Kowloon, Hong Kong Europe Office Stefanikova 7, 81106, Bratislava, Slovakia. 36 Ingleby Way, Wallington, Surrey SM6 9LR,&nbsp;England UK H&amp;K PHARMA COMPANY., LTD T\u00f2a nh\u00e0 t\u00e0i<\/p>\n","protected":false},"author":1,"featured_media":0,"parent":0,"menu_order":0,"comment_status":"closed","ping_status":"closed","template":"","meta":{"jetpack_post_was_ever_published":false,"footnotes":""},"class_list":["post-347","page","type-page","status-publish","hentry"],"jetpack_sharing_enabled":true,"jetpack_shortlink":"https:\/\/wp.me\/P8vQwO-5B","_links":{"self":[{"href":"https:\/\/hkinternational.biz\/vi\/wp-json\/wp\/v2\/pages\/347","targetHints":{"allow":["GET"]}}],"collection":[{"href":"https:\/\/hkinternational.biz\/vi\/wp-json\/wp\/v2\/pages"}],"about":[{"href":"https:\/\/hkinternational.biz\/vi\/wp-json\/wp\/v2\/types\/page"}],"author":[{"embeddable":true,"href":"https:\/\/hkinternational.biz\/vi\/wp-json\/wp\/v2\/users\/1"}],"replies":[{"embeddable":true,"href":"https:\/\/hkinternational.biz\/vi\/wp-json\/wp\/v2\/comments?post=347"}],"version-history":[{"count":31,"href":"https:\/\/hkinternational.biz\/vi\/wp-json\/wp\/v2\/pages\/347\/revisions"}],"predecessor-version":[{"id":887,"href":"https:\/\/hkinternational.biz\/vi\/wp-json\/wp\/v2\/pages\/347\/revisions\/887"}],"wp:attachment":[{"href":"https:\/\/hkinternational.biz\/vi\/wp-json\/wp\/v2\/media?parent=347"}],"curies":[{"name":"wp","href":"https:\/\/api.w.org\/{rel}","templated":true}]}}