{"id":332,"date":"2017-03-21T15:58:58","date_gmt":"2017-03-21T15:58:58","guid":{"rendered":"http:\/\/hkinternational.biz\/?page_id=332"},"modified":"2019-04-16T15:37:41","modified_gmt":"2019-04-16T15:37:41","slug":"about-us","status":"publish","type":"page","link":"https:\/\/hkinternational.biz\/vi\/about-us\/","title":{"rendered":"Gi\u1edbi thi\u1ec7u"},"content":{"rendered":"<p>C\u00f4ng ty H&amp;K th\u00e0nh l\u1eadp v\u00e0o n\u0103m 2014 t\u1ea1i H\u1ed3ng K\u00f4ng b\u1edfi m\u1ed9t nh\u00f3m c\u00e1c chuy\u00ean gia \u0111\u1ebfn t\u1eeb Ch\u00e2u \u00c2u, \u1ea4n \u0110\u1ed9, Trung Qu\u1ed1c v\u00e0 Vi\u1ec7t Nam. H&amp;K ng\u00e0y nay \u0111\u00e3 x\u00e2y d\u1ef1ng \u0111\u01b0\u1ee3c t\u00ean tu\u1ed5i v\u1eefng ch\u1eafc nh\u01b0 m\u1ed9t doanh nghi\u1ec7p \u0111i \u0111\u1ea7u trong l\u0129nh v\u1ef1c h\u1ed7 tr\u1ee3 c\u00e1c v\u1ea5n \u0111\u1ec1 v\u1ec1 K\u1ef9 thu\u1eadt v\u00e0 Ph\u00e1p l\u00fd v\u00e0 \u0110\u00e0o t\u1ea1o trong ng\u00e0nh c\u00f4ng nghi\u1ec7p d\u01b0\u1ee3c ph\u1ea9m.<\/p>\n<p>T\u1eadp \u0111o\u00e0n H&amp;amp;K v\u1eeba nh\u1eadn Gi\u1ea5y ph\u00e9p Ch\u1ee9ng Nh\u1eadn \u0111\u1ea7u t\u01b0 t\u1eeb S\u1edf K\u1ebf Ho\u1ea1ch v\u00e0 \u0110\u1ea7u T\u01b0, Th\u00e0nh Ph\u1ed1 H\u1ed3 Ch\u00ed Minh d\u01b0\u1edbi T\u00ean, C\u00f4ng ty TNHH T\u01b0 V\u1ea5n D\u01b0\u1ee3c H&amp;amp;K v\u00e0o ng\u00e0y 17\/08\/2017.<\/p>\n<p>Ch\u00fang t\u00f4i cung c\u1ea5p d\u1ecbch v\u1ee5 t\u01b0 v\u1ea5n GMP cho t\u1ea5t c\u1ea3 c\u00e1c doanh nghi\u1ec7p thu\u1ed9c m\u1ecdi quy m\u00f4 trong khu v\u1ef1c Ch\u00e2u \u00c1 Th\u00e1i B\u00ecnh D\u01b0\u01a1ng nh\u1eb1m x\u00e2y d\u1ef1ng m\u1ed9t h\u1ec7 th\u1ed1ng qu\u1ea3n l\u00fd ch\u1ea5t l\u01b0\u1ee3ng ti\u1ebft ki\u1ec7m v\u00e0 hi\u1ec7u qu\u1ea3, \u0111\u1ea3m b\u1ea3o v\u01b0\u1ee3t qua c\u00e1c k\u1ef3 thanh tra v\u00e0 s\u1ea3n xu\u1ea5t \u0111\u01b0\u1ee3c c\u00e1c s\u1ea3n ph\u1ea9m ch\u1ea5t l\u01b0\u1ee3ngcao. Ph\u1ea1m vi cung c\u1ea5p d\u1ecbch v\u1ee5 c\u1ee7a ch\u00fang t\u00f4i l\u00e0 t\u1eadp trung ch\u1ee7 y\u1ebfu v\u00e0o c\u00e1c c\u00f4ng ty d\u01b0\u1ee3c ph\u1ea9m trong khu v\u1ef1c \u0110\u00f4ng Nam \u00c1 nh\u1eb1m gi\u00fap kh\u00e1ch h\u00e0ng \u0111\u1ea1t \u0111\u01b0\u1ee3c c\u00e1c ch\u1ee9ng nh\u1eadn PICs, EU v\u00e0 FDA. Trong d\u1ecbch v\u1ee5 t\u01b0 v\u1ea5n GMP, ch\u00fang t\u00f4i c\u0169ng \u00a0bao g\u1ed3m vi\u1ec7c r\u00e0 so\u00e1t v\u00e0 c\u1ee7ng c\u1ed1 h\u1ec7 th\u1ed1ng hi\u1ec7n t\u1ea1i c\u1ee7a kh\u00e1ch h\u00e0ng nh\u1eb1m gi\u00fap c\u00e1c nh\u00e0 m\u00e1y ho\u1ea1t \u0111\u1ed9ng m\u1ea1nh m\u1ebd v\u00e0 hi\u1ec7u qu\u1ea3 h\u01a1n.<\/p>\n<p>Nh\u1eefng t\u01b0 v\u1ea5n \u0111\u01b0a ra \u0111\u1ec1u d\u1ef1a tr\u00ean nh\u1eefng ti\u00eau chu\u1ea9n qu\u1ed1c t\u1ebf nh\u01b0: US FDA, EU\/EMEA, WHO, PIC\/S, EU\/USP, ICH, v.v<\/p>\n<p>V\u1edbi m\u1ee5c ti\u00eau r\u00f5 r\u00e0ng l\u00e0 \u0111\u01b0a ra c\u00e1c t\u01b0 v\u1ea5n (gi\u00fap c\u00e1c nh\u00e0 \u0111\u1ea7u t\u01b0 trong khu v\u1ef1c ASEAN) \u0111\u1ea1t \u0111\u01b0\u1ee3c m\u1ee5c ti\u00eau v\u1ec1 c\u00e1c ch\u1ee9ng ch\u1ec9\/tu\u00e2n th\u1ee7 quy \u0111\u1ecbnh\/\u0111\u00e1p \u1ee9ng c\u00e1c y\u00eau c\u1ea7u ti\u00eau chu\u1ea9n, ti\u1ebft ki\u1ec7m chi ph\u00ed v\u00e0 th\u1eddi gian, v\u1edbi l\u0129nh v\u1ef1c d\u1ecbch v\u1ee5 Qu\u1ea3n l\u00fd d\u1ef1 \u00e1n ch\u00fang t\u00f4i s\u1ebd mang l\u1ea1i cho qu\u00fd kh\u00e1ch h\u00e0ng l\u1ee3i th\u1ebf r\u00f5 r\u00e0ng\/v\u01b0\u1ee3t tr\u1ed9i so v\u1edbi c\u00e1c \u0111\u1ed1i th\u1ee7 c\u1ea1nh tranh. Trong m\u1ed9t s\u1ed1 khu v\u1ef1c x\u00e1c \u0111\u1ecbnh \u1edf ch\u00e2u \u00c1, ch\u00fang t\u00f4i cung c\u1ea5p g\u00f3i d\u1ecbch v\u1ee5 tr\u1ecdn g\u00f3i\/ho\u00e0n thi\u1ec7n\/\u0111\u1ea7y \u0111\u1ee7 cho c\u00e1c d\u1ea1ng b\u00e0o ch\u1ebf kh\u00e1c nhau.<\/p>\n<p>With offices and direct presence in Vietnam and Myanmar, H&amp;K Pharma provides healthcare companies with a direct channel and turn-key solutions for successful marketing and distribution of their products in the highly potential Myanmar and Vietnam market.<\/p>","protected":false},"excerpt":{"rendered":"<p>C\u00f4ng ty H&amp;K th\u00e0nh l\u1eadp v\u00e0o n\u0103m 2014 t\u1ea1i H\u1ed3ng K\u00f4ng b\u1edfi m\u1ed9t nh\u00f3m c\u00e1c chuy\u00ean gia \u0111\u1ebfn t\u1eeb Ch\u00e2u \u00c2u, \u1ea4n \u0110\u1ed9, Trung Qu\u1ed1c v\u00e0 Vi\u1ec7t Nam. H&amp;K ng\u00e0y nay \u0111\u00e3 x\u00e2y d\u1ef1ng \u0111\u01b0\u1ee3c t\u00ean tu\u1ed5i v\u1eefng ch\u1eafc nh\u01b0<\/p>\n","protected":false},"author":1,"featured_media":0,"parent":0,"menu_order":0,"comment_status":"closed","ping_status":"closed","template":"","meta":{"jetpack_post_was_ever_published":false,"footnotes":""},"class_list":["post-332","page","type-page","status-publish","hentry"],"jetpack_sharing_enabled":true,"jetpack_shortlink":"https:\/\/wp.me\/P8vQwO-5m","_links":{"self":[{"href":"https:\/\/hkinternational.biz\/vi\/wp-json\/wp\/v2\/pages\/332","targetHints":{"allow":["GET"]}}],"collection":[{"href":"https:\/\/hkinternational.biz\/vi\/wp-json\/wp\/v2\/pages"}],"about":[{"href":"https:\/\/hkinternational.biz\/vi\/wp-json\/wp\/v2\/types\/page"}],"author":[{"embeddable":true,"href":"https:\/\/hkinternational.biz\/vi\/wp-json\/wp\/v2\/users\/1"}],"replies":[{"embeddable":true,"href":"https:\/\/hkinternational.biz\/vi\/wp-json\/wp\/v2\/comments?post=332"}],"version-history":[{"count":9,"href":"https:\/\/hkinternational.biz\/vi\/wp-json\/wp\/v2\/pages\/332\/revisions"}],"predecessor-version":[{"id":768,"href":"https:\/\/hkinternational.biz\/vi\/wp-json\/wp\/v2\/pages\/332\/revisions\/768"}],"wp:attachment":[{"href":"https:\/\/hkinternational.biz\/vi\/wp-json\/wp\/v2\/media?parent=332"}],"curies":[{"name":"wp","href":"https:\/\/api.w.org\/{rel}","templated":true}]}}